{"id":1893,"date":"2026-01-10T14:51:48","date_gmt":"2026-01-10T13:51:48","guid":{"rendered":"https:\/\/lecortegedorphee.fr\/?page_id=1893"},"modified":"2026-01-10T14:59:04","modified_gmt":"2026-01-10T13:59:04","slug":"elementor-1893","status":"publish","type":"page","link":"https:\/\/lecortegedorphee.fr\/index.php\/elementor-1893\/","title":{"rendered":"Sc\u00e8nes de la for\u00eat"},"content":{"rendered":"\t\t<div data-elementor-type=\"wp-page\" data-elementor-id=\"1893\" class=\"elementor elementor-1893\">\n\t\t\t\t\t\t\t\t\t<section class=\"elementor-section elementor-top-section elementor-element elementor-element-20de1806 elementor-section-boxed elementor-section-height-default elementor-section-height-default\" data-id=\"20de1806\" data-element_type=\"section\">\n\t\t\t\t\t\t<div class=\"elementor-container elementor-column-gap-default\">\n\t\t\t\t\t<div class=\"elementor-column elementor-col-100 elementor-top-column elementor-element elementor-element-4c8a1411\" data-id=\"4c8a1411\" data-element_type=\"column\">\n\t\t\t<div class=\"elementor-widget-wrap elementor-element-populated\">\n\t\t\t\t\t\t\t\t<div class=\"elementor-element elementor-element-cb75450 elementor-widget elementor-widget-text-editor\" data-id=\"cb75450\" data-element_type=\"widget\" data-widget_type=\"text-editor.default\">\n\t\t\t\t<div class=\"elementor-widget-container\">\n\t\t\t<style>\/*! elementor - v3.13.2 - 11-05-2023 *\/\n.elementor-widget-text-editor.elementor-drop-cap-view-stacked .elementor-drop-cap{background-color:#69727d;color:#fff}.elementor-widget-text-editor.elementor-drop-cap-view-framed .elementor-drop-cap{color:#69727d;border:3px solid;background-color:transparent}.elementor-widget-text-editor:not(.elementor-drop-cap-view-default) .elementor-drop-cap{margin-top:8px}.elementor-widget-text-editor:not(.elementor-drop-cap-view-default) .elementor-drop-cap-letter{width:1em;height:1em}.elementor-widget-text-editor .elementor-drop-cap{float:left;text-align:center;line-height:1;font-size:50px}.elementor-widget-text-editor .elementor-drop-cap-letter{display:inline-block}<\/style>\t\t\t\t\t\t\t\t\t\t<\/div>\n\t\t\t\t<\/div>\n\t\t\t\t\t<\/div>\n\t\t<\/div>\n\t\t\t\t\t\t\t<\/div>\n\t\t<\/section>\n\t\t\t\t<section class=\"elementor-section elementor-top-section elementor-element elementor-element-242fb0ee elementor-section-full_width elementor-section-height-default elementor-section-height-default\" data-id=\"242fb0ee\" data-element_type=\"section\" data-settings=\"{&quot;background_background&quot;:&quot;classic&quot;}\">\n\t\t\t\t\t\t<div class=\"elementor-container elementor-column-gap-default\">\n\t\t\t\t\t<div class=\"elementor-column elementor-col-100 elementor-top-column elementor-element elementor-element-520dd658\" data-id=\"520dd658\" data-element_type=\"column\">\n\t\t\t<div class=\"elementor-widget-wrap elementor-element-populated\">\n\t\t\t\t\t\t\t\t<div class=\"elementor-element elementor-element-779e03d1 elementor-widget elementor-widget-spacer\" data-id=\"779e03d1\" data-element_type=\"widget\" data-widget_type=\"spacer.default\">\n\t\t\t\t<div class=\"elementor-widget-container\">\n\t\t\t<style>\/*! elementor - v3.13.2 - 11-05-2023 *\/\n.elementor-column .elementor-spacer-inner{height:var(--spacer-size)}.e-con{--container-widget-width:100%}.e-con-inner>.elementor-widget-spacer,.e-con>.elementor-widget-spacer{width:var(--container-widget-width,var(--spacer-size));--align-self:var(--container-widget-align-self,initial);--flex-shrink:0}.e-con-inner>.elementor-widget-spacer>.elementor-widget-container,.e-con-inner>.elementor-widget-spacer>.elementor-widget-container>.elementor-spacer,.e-con>.elementor-widget-spacer>.elementor-widget-container,.e-con>.elementor-widget-spacer>.elementor-widget-container>.elementor-spacer{height:100%}.e-con-inner>.elementor-widget-spacer>.elementor-widget-container>.elementor-spacer>.elementor-spacer-inner,.e-con>.elementor-widget-spacer>.elementor-widget-container>.elementor-spacer>.elementor-spacer-inner{height:var(--container-widget-height,var(--spacer-size))}<\/style>\t\t<div class=\"elementor-spacer\">\n\t\t\t<div class=\"elementor-spacer-inner\"><\/div>\n\t\t<\/div>\n\t\t\t\t<\/div>\n\t\t\t\t<\/div>\n\t\t\t\t\t<\/div>\n\t\t<\/div>\n\t\t\t\t\t\t\t<\/div>\n\t\t<\/section>\n\t\t\t\t<section class=\"elementor-section elementor-top-section elementor-element elementor-element-49888ea7 elementor-section-boxed elementor-section-height-default elementor-section-height-default\" data-id=\"49888ea7\" data-element_type=\"section\">\n\t\t\t\t\t\t<div class=\"elementor-container elementor-column-gap-default\">\n\t\t\t\t\t<div class=\"elementor-column elementor-col-100 elementor-top-column elementor-element elementor-element-4cee8fcb\" data-id=\"4cee8fcb\" data-element_type=\"column\">\n\t\t\t<div class=\"elementor-widget-wrap\">\n\t\t\t\t\t\t\t\t\t<\/div>\n\t\t<\/div>\n\t\t\t\t\t\t\t<\/div>\n\t\t<\/section>\n\t\t\t\t<section class=\"elementor-section elementor-top-section elementor-element elementor-element-67ba5824 elementor-section-boxed elementor-section-height-default elementor-section-height-default\" data-id=\"67ba5824\" data-element_type=\"section\">\n\t\t\t\t\t\t<div class=\"elementor-container elementor-column-gap-default\">\n\t\t\t\t\t<div class=\"elementor-column elementor-col-100 elementor-top-column elementor-element elementor-element-118ae6a7\" data-id=\"118ae6a7\" data-element_type=\"column\">\n\t\t\t<div class=\"elementor-widget-wrap elementor-element-populated\">\n\t\t\t\t\t\t\t\t\t<\/div>\n\t\t<\/div>\n\t\t\t\t\t\t\t<\/div>\n\t\t<\/section>\n\t\t\t\t<section class=\"elementor-section elementor-top-section elementor-element elementor-element-269fe2a1 elementor-section-boxed elementor-section-height-default elementor-section-height-default\" data-id=\"269fe2a1\" data-element_type=\"section\">\n\t\t\t\t\t\t<div class=\"elementor-container elementor-column-gap-default\">\n\t\t\t\t\t<div class=\"elementor-column elementor-col-100 elementor-top-column elementor-element elementor-element-7585d659\" data-id=\"7585d659\" data-element_type=\"column\">\n\t\t\t<div class=\"elementor-widget-wrap elementor-element-populated\">\n\t\t\t\t\t\t\t\t<div class=\"elementor-element elementor-element-7a933548 elementor-widget elementor-widget-heading\" data-id=\"7a933548\" data-element_type=\"widget\" data-widget_type=\"heading.default\">\n\t\t\t\t<div class=\"elementor-widget-container\">\n\t\t\t<style>\/*! elementor - v3.13.2 - 11-05-2023 *\/\n.elementor-heading-title{padding:0;margin:0;line-height:1}.elementor-widget-heading .elementor-heading-title[class*=elementor-size-]>a{color:inherit;font-size:inherit;line-height:inherit}.elementor-widget-heading .elementor-heading-title.elementor-size-small{font-size:15px}.elementor-widget-heading .elementor-heading-title.elementor-size-medium{font-size:19px}.elementor-widget-heading .elementor-heading-title.elementor-size-large{font-size:29px}.elementor-widget-heading .elementor-heading-title.elementor-size-xl{font-size:39px}.elementor-widget-heading .elementor-heading-title.elementor-size-xxl{font-size:59px}<\/style><h2 class=\"elementor-heading-title elementor-size-xl\">SC\u00c8NES DE LA FOR\u00caT<\/h2>\t\t<\/div>\n\t\t\t\t<\/div>\n\t\t\t\t\t<\/div>\n\t\t<\/div>\n\t\t\t\t\t\t\t<\/div>\n\t\t<\/section>\n\t\t\t\t<section class=\"elementor-section elementor-top-section elementor-element elementor-element-6d5133de elementor-section-boxed elementor-section-height-default elementor-section-height-default\" data-id=\"6d5133de\" data-element_type=\"section\">\n\t\t\t\t\t\t<div class=\"elementor-container elementor-column-gap-default\">\n\t\t\t\t\t<div class=\"elementor-column elementor-col-100 elementor-top-column elementor-element elementor-element-96bc925\" data-id=\"96bc925\" data-element_type=\"column\">\n\t\t\t<div class=\"elementor-widget-wrap elementor-element-populated\">\n\t\t\t\t\t\t\t\t<div class=\"elementor-element elementor-element-386ba2c0 elementor-widget elementor-widget-spacer\" data-id=\"386ba2c0\" data-element_type=\"widget\" data-widget_type=\"spacer.default\">\n\t\t\t\t<div class=\"elementor-widget-container\">\n\t\t\t\t\t<div class=\"elementor-spacer\">\n\t\t\t<div class=\"elementor-spacer-inner\"><\/div>\n\t\t<\/div>\n\t\t\t\t<\/div>\n\t\t\t\t<\/div>\n\t\t\t\t\t<\/div>\n\t\t<\/div>\n\t\t\t\t\t\t\t<\/div>\n\t\t<\/section>\n\t\t\t\t<section class=\"elementor-section elementor-top-section elementor-element elementor-element-4666833c elementor-section-boxed elementor-section-height-default elementor-section-height-default\" data-id=\"4666833c\" data-element_type=\"section\">\n\t\t\t\t\t\t<div class=\"elementor-container elementor-column-gap-default\">\n\t\t\t\t\t<div class=\"elementor-column elementor-col-100 elementor-top-column elementor-element elementor-element-56c8612d\" data-id=\"56c8612d\" data-element_type=\"column\">\n\t\t\t<div class=\"elementor-widget-wrap elementor-element-populated\">\n\t\t\t\t\t\t\t\t<div class=\"elementor-element elementor-element-4ceb27ca elementor-widget elementor-widget-text-editor\" data-id=\"4ceb27ca\" data-element_type=\"widget\" data-widget_type=\"text-editor.default\">\n\t\t\t\t<div class=\"elementor-widget-container\">\n\t\t\t\t\t\t\t<p><span class=\"a_GcMg font-feature-liga-off font-feature-clig-off font-feature-calt-off text-decoration-none text-strikethrough-none\">Les Romantiques allemands ont peut-\u00eatre \u00e9t\u00e9 les premiers \u00e9colos du monde moderne. Face \u00e0 l\u2019industrialisation d\u2019une soci\u00e9t\u00e9 prosa\u00efque h\u00e9rit\u00e9e des Lumi\u00e8res, ils ont tout naturellement cherch\u00e9 un refuge id\u00e9alis\u00e9 et imaginaire dans la for\u00eat, ce c\u0153ur de l\u2019\u00e2me allemande. Quel meilleur hommage leur rendre, qu\u2019une balade en for\u00eat th\u00e9\u00e2tralis\u00e9e \u00e9maill\u00e9e de musique chorale de Schubert, Schumann, Mendelssohn ou Brahms au service de po\u00e8mes sur le th\u00e8me de la for\u00eat ? Une exp\u00e9rience hors des sentiers battus autour de transcriptions de Lieder et quatuors vocaux a cappella (ou presque).<\/span><\/p><p>\u00a0<\/p><p>Effectif : 4 chanteurs, 1 r\u00e9citant, 1 corniste.<\/p>\t\t\t\t\t\t<\/div>\n\t\t\t\t<\/div>\n\t\t\t\t\t<\/div>\n\t\t<\/div>\n\t\t\t\t\t\t\t<\/div>\n\t\t<\/section>\n\t\t\t\t<section class=\"elementor-section elementor-top-section elementor-element elementor-element-6a48326e elementor-section-full_width elementor-section-height-default elementor-section-height-default\" data-id=\"6a48326e\" data-element_type=\"section\">\n\t\t\t\t\t\t<div class=\"elementor-container elementor-column-gap-default\">\n\t\t\t\t\t<div class=\"elementor-column elementor-col-25 elementor-top-column elementor-element elementor-element-641b944b\" data-id=\"641b944b\" data-element_type=\"column\">\n\t\t\t<div class=\"elementor-widget-wrap elementor-element-populated\">\n\t\t\t\t\t\t\t\t<div class=\"elementor-element elementor-element-22fda284 elementor-widget elementor-widget-image\" data-id=\"22fda284\" data-element_type=\"widget\" data-widget_type=\"image.default\">\n\t\t\t\t<div class=\"elementor-widget-container\">\n\t\t\t<style>\/*! elementor - v3.13.2 - 11-05-2023 *\/\n.elementor-widget-image{text-align:center}.elementor-widget-image a{display:inline-block}.elementor-widget-image a img[src$=\".svg\"]{width:48px}.elementor-widget-image img{vertical-align:middle;display:inline-block}<\/style>\t\t\t\t\t\t\t\t\t\t\t\t<img loading=\"lazy\" decoding=\"async\" width=\"800\" height=\"449\" src=\"https:\/\/lecortegedorphee.fr\/wp-content\/uploads\/2026\/01\/DSC06162-1024x575.jpg\" class=\"attachment-large size-large wp-image-1899\" alt=\"\" srcset=\"https:\/\/lecortegedorphee.fr\/wp-content\/uploads\/2026\/01\/DSC06162-1024x575.jpg 1024w, https:\/\/lecortegedorphee.fr\/wp-content\/uploads\/2026\/01\/DSC06162-300x169.jpg 300w, https:\/\/lecortegedorphee.fr\/wp-content\/uploads\/2026\/01\/DSC06162-768x432.jpg 768w, https:\/\/lecortegedorphee.fr\/wp-content\/uploads\/2026\/01\/DSC06162-1536x863.jpg 1536w, https:\/\/lecortegedorphee.fr\/wp-content\/uploads\/2026\/01\/DSC06162-2048x1151.jpg 2048w\" sizes=\"auto, (max-width: 800px) 100vw, 800px\" \/>\t\t\t\t\t\t\t\t\t\t\t\t\t\t\t<\/div>\n\t\t\t\t<\/div>\n\t\t\t\t\t<\/div>\n\t\t<\/div>\n\t\t\t\t<div class=\"elementor-column elementor-col-25 elementor-top-column elementor-element elementor-element-241a5f27\" data-id=\"241a5f27\" data-element_type=\"column\">\n\t\t\t<div class=\"elementor-widget-wrap elementor-element-populated\">\n\t\t\t\t\t\t\t\t<div class=\"elementor-element elementor-element-26ec89ab elementor-widget elementor-widget-image\" data-id=\"26ec89ab\" data-element_type=\"widget\" data-widget_type=\"image.default\">\n\t\t\t\t<div class=\"elementor-widget-container\">\n\t\t\t\t\t\t\t\t\t\t\t\t\t\t\t<img loading=\"lazy\" decoding=\"async\" width=\"800\" height=\"449\" src=\"https:\/\/lecortegedorphee.fr\/wp-content\/uploads\/2026\/01\/DSC06149-1024x575.jpg\" class=\"attachment-large size-large wp-image-1901\" alt=\"\" srcset=\"https:\/\/lecortegedorphee.fr\/wp-content\/uploads\/2026\/01\/DSC06149-1024x575.jpg 1024w, https:\/\/lecortegedorphee.fr\/wp-content\/uploads\/2026\/01\/DSC06149-300x169.jpg 300w, https:\/\/lecortegedorphee.fr\/wp-content\/uploads\/2026\/01\/DSC06149-768x432.jpg 768w, https:\/\/lecortegedorphee.fr\/wp-content\/uploads\/2026\/01\/DSC06149-1536x863.jpg 1536w, https:\/\/lecortegedorphee.fr\/wp-content\/uploads\/2026\/01\/DSC06149-2048x1151.jpg 2048w\" sizes=\"auto, (max-width: 800px) 100vw, 800px\" \/>\t\t\t\t\t\t\t\t\t\t\t\t\t\t\t<\/div>\n\t\t\t\t<\/div>\n\t\t\t\t\t<\/div>\n\t\t<\/div>\n\t\t\t\t<div class=\"elementor-column elementor-col-25 elementor-top-column elementor-element elementor-element-28473f66\" data-id=\"28473f66\" data-element_type=\"column\">\n\t\t\t<div class=\"elementor-widget-wrap elementor-element-populated\">\n\t\t\t\t\t\t\t\t<div class=\"elementor-element elementor-element-271c5295 elementor-widget elementor-widget-image\" data-id=\"271c5295\" data-element_type=\"widget\" data-widget_type=\"image.default\">\n\t\t\t\t<div class=\"elementor-widget-container\">\n\t\t\t\t\t\t\t\t\t\t\t\t\t\t\t<img loading=\"lazy\" decoding=\"async\" width=\"800\" height=\"449\" src=\"https:\/\/lecortegedorphee.fr\/wp-content\/uploads\/2026\/01\/DSC06130-1024x575.jpg\" class=\"attachment-large size-large wp-image-1900\" alt=\"\" srcset=\"https:\/\/lecortegedorphee.fr\/wp-content\/uploads\/2026\/01\/DSC06130-1024x575.jpg 1024w, https:\/\/lecortegedorphee.fr\/wp-content\/uploads\/2026\/01\/DSC06130-300x169.jpg 300w, https:\/\/lecortegedorphee.fr\/wp-content\/uploads\/2026\/01\/DSC06130-768x432.jpg 768w, https:\/\/lecortegedorphee.fr\/wp-content\/uploads\/2026\/01\/DSC06130-1536x863.jpg 1536w, https:\/\/lecortegedorphee.fr\/wp-content\/uploads\/2026\/01\/DSC06130-2048x1151.jpg 2048w\" sizes=\"auto, (max-width: 800px) 100vw, 800px\" \/>\t\t\t\t\t\t\t\t\t\t\t\t\t\t\t<\/div>\n\t\t\t\t<\/div>\n\t\t\t\t\t<\/div>\n\t\t<\/div>\n\t\t\t\t<div class=\"elementor-column elementor-col-25 elementor-top-column elementor-element elementor-element-73895046\" data-id=\"73895046\" data-element_type=\"column\">\n\t\t\t<div class=\"elementor-widget-wrap elementor-element-populated\">\n\t\t\t\t\t\t\t\t<div class=\"elementor-element elementor-element-37439646 elementor-widget elementor-widget-image\" data-id=\"37439646\" data-element_type=\"widget\" data-widget_type=\"image.default\">\n\t\t\t\t<div class=\"elementor-widget-container\">\n\t\t\t\t\t\t\t\t\t\t\t\t\t\t\t<img loading=\"lazy\" decoding=\"async\" width=\"800\" height=\"449\" src=\"https:\/\/lecortegedorphee.fr\/wp-content\/uploads\/2026\/01\/DSC06171-1024x575.jpg\" class=\"attachment-large size-large wp-image-1902\" alt=\"\" srcset=\"https:\/\/lecortegedorphee.fr\/wp-content\/uploads\/2026\/01\/DSC06171-1024x575.jpg 1024w, https:\/\/lecortegedorphee.fr\/wp-content\/uploads\/2026\/01\/DSC06171-300x169.jpg 300w, https:\/\/lecortegedorphee.fr\/wp-content\/uploads\/2026\/01\/DSC06171-768x432.jpg 768w, https:\/\/lecortegedorphee.fr\/wp-content\/uploads\/2026\/01\/DSC06171-1536x863.jpg 1536w, https:\/\/lecortegedorphee.fr\/wp-content\/uploads\/2026\/01\/DSC06171-2048x1151.jpg 2048w\" sizes=\"auto, (max-width: 800px) 100vw, 800px\" \/>\t\t\t\t\t\t\t\t\t\t\t\t\t\t\t<\/div>\n\t\t\t\t<\/div>\n\t\t\t\t\t<\/div>\n\t\t<\/div>\n\t\t\t\t\t\t\t<\/div>\n\t\t<\/section>\n\t\t\t\t<section class=\"elementor-section elementor-top-section elementor-element elementor-element-5315040 elementor-section-boxed elementor-section-height-default elementor-section-height-default\" data-id=\"5315040\" data-element_type=\"section\">\n\t\t\t\t\t\t<div class=\"elementor-container elementor-column-gap-default\">\n\t\t\t\t\t<div class=\"elementor-column elementor-col-100 elementor-top-column elementor-element elementor-element-0c6028f\" data-id=\"0c6028f\" data-element_type=\"column\">\n\t\t\t<div class=\"elementor-widget-wrap\">\n\t\t\t\t\t\t\t\t\t<\/div>\n\t\t<\/div>\n\t\t\t\t\t\t\t<\/div>\n\t\t<\/section>\n\t\t\t\t\t\t\t<\/div>\n\t\t","protected":false},"excerpt":{"rendered":"<p>SC\u00c8NES DE LA FOR\u00caT Les Romantiques allemands ont peut-\u00eatre \u00e9t\u00e9 les premiers \u00e9colos du monde moderne. Face \u00e0 l\u2019industrialisation d\u2019une soci\u00e9t\u00e9 prosa\u00efque h\u00e9rit\u00e9e des Lumi\u00e8res, ils ont tout naturellement cherch\u00e9 un refuge id\u00e9alis\u00e9 et imaginaire dans la for\u00eat, ce c\u0153ur de l\u2019\u00e2me allemande. Quel meilleur hommage leur rendre, qu\u2019une balade en for\u00eat th\u00e9\u00e2tralis\u00e9e \u00e9maill\u00e9e de [&hellip;]<\/p>\n","protected":false},"author":2,"featured_media":0,"parent":0,"menu_order":0,"comment_status":"closed","ping_status":"closed","template":"","meta":{"footnotes":""},"class_list":["post-1893","page","type-page","status-publish","hentry"],"_links":{"self":[{"href":"https:\/\/lecortegedorphee.fr\/index.php\/wp-json\/wp\/v2\/pages\/1893","targetHints":{"allow":["GET"]}}],"collection":[{"href":"https:\/\/lecortegedorphee.fr\/index.php\/wp-json\/wp\/v2\/pages"}],"about":[{"href":"https:\/\/lecortegedorphee.fr\/index.php\/wp-json\/wp\/v2\/types\/page"}],"author":[{"embeddable":true,"href":"https:\/\/lecortegedorphee.fr\/index.php\/wp-json\/wp\/v2\/users\/2"}],"replies":[{"embeddable":true,"href":"https:\/\/lecortegedorphee.fr\/index.php\/wp-json\/wp\/v2\/comments?post=1893"}],"version-history":[{"count":10,"href":"https:\/\/lecortegedorphee.fr\/index.php\/wp-json\/wp\/v2\/pages\/1893\/revisions"}],"predecessor-version":[{"id":1912,"href":"https:\/\/lecortegedorphee.fr\/index.php\/wp-json\/wp\/v2\/pages\/1893\/revisions\/1912"}],"wp:attachment":[{"href":"https:\/\/lecortegedorphee.fr\/index.php\/wp-json\/wp\/v2\/media?parent=1893"}],"curies":[{"name":"wp","href":"https:\/\/api.w.org\/{rel}","templated":true}]}}