{"id":1943,"date":"2026-01-12T12:26:51","date_gmt":"2026-01-12T11:26:51","guid":{"rendered":"https:\/\/lecortegedorphee.fr\/?page_id=1943"},"modified":"2026-01-16T10:05:30","modified_gmt":"2026-01-16T09:05:30","slug":"un-voyage-dhiver","status":"publish","type":"page","link":"https:\/\/lecortegedorphee.fr\/index.php\/un-voyage-dhiver\/","title":{"rendered":"Un voyage d&rsquo;hiver"},"content":{"rendered":"\t\t<div data-elementor-type=\"wp-page\" data-elementor-id=\"1943\" class=\"elementor elementor-1943\">\n\t\t\t\t\t\t\t\t\t<section class=\"elementor-section elementor-top-section elementor-element elementor-element-63bd963f elementor-section-boxed elementor-section-height-default elementor-section-height-default\" data-id=\"63bd963f\" data-element_type=\"section\">\n\t\t\t\t\t\t<div class=\"elementor-container elementor-column-gap-default\">\n\t\t\t\t\t<div class=\"elementor-column elementor-col-100 elementor-top-column elementor-element elementor-element-4d4f6cb1\" data-id=\"4d4f6cb1\" data-element_type=\"column\">\n\t\t\t<div class=\"elementor-widget-wrap elementor-element-populated\">\n\t\t\t\t\t\t\t\t<div class=\"elementor-element elementor-element-64422347 elementor-widget elementor-widget-text-editor\" data-id=\"64422347\" data-element_type=\"widget\" data-widget_type=\"text-editor.default\">\n\t\t\t\t<div class=\"elementor-widget-container\">\n\t\t\t<style>\/*! elementor - v3.13.2 - 11-05-2023 *\/\n.elementor-widget-text-editor.elementor-drop-cap-view-stacked .elementor-drop-cap{background-color:#69727d;color:#fff}.elementor-widget-text-editor.elementor-drop-cap-view-framed .elementor-drop-cap{color:#69727d;border:3px solid;background-color:transparent}.elementor-widget-text-editor:not(.elementor-drop-cap-view-default) .elementor-drop-cap{margin-top:8px}.elementor-widget-text-editor:not(.elementor-drop-cap-view-default) .elementor-drop-cap-letter{width:1em;height:1em}.elementor-widget-text-editor .elementor-drop-cap{float:left;text-align:center;line-height:1;font-size:50px}.elementor-widget-text-editor .elementor-drop-cap-letter{display:inline-block}<\/style>\t\t\t\t\t\t\t\t\t\t<\/div>\n\t\t\t\t<\/div>\n\t\t\t\t\t<\/div>\n\t\t<\/div>\n\t\t\t\t\t\t\t<\/div>\n\t\t<\/section>\n\t\t\t\t<section class=\"elementor-section elementor-top-section elementor-element elementor-element-31a9dec4 elementor-section-full_width elementor-section-height-default elementor-section-height-default\" data-id=\"31a9dec4\" data-element_type=\"section\" data-settings=\"{&quot;background_background&quot;:&quot;classic&quot;}\">\n\t\t\t\t\t\t<div class=\"elementor-container elementor-column-gap-default\">\n\t\t\t\t\t<div class=\"elementor-column elementor-col-100 elementor-top-column elementor-element elementor-element-1944d38d\" data-id=\"1944d38d\" data-element_type=\"column\">\n\t\t\t<div class=\"elementor-widget-wrap elementor-element-populated\">\n\t\t\t\t\t\t\t\t<div class=\"elementor-element elementor-element-3943b664 elementor-widget elementor-widget-spacer\" data-id=\"3943b664\" data-element_type=\"widget\" data-widget_type=\"spacer.default\">\n\t\t\t\t<div class=\"elementor-widget-container\">\n\t\t\t<style>\/*! elementor - v3.13.2 - 11-05-2023 *\/\n.elementor-column .elementor-spacer-inner{height:var(--spacer-size)}.e-con{--container-widget-width:100%}.e-con-inner>.elementor-widget-spacer,.e-con>.elementor-widget-spacer{width:var(--container-widget-width,var(--spacer-size));--align-self:var(--container-widget-align-self,initial);--flex-shrink:0}.e-con-inner>.elementor-widget-spacer>.elementor-widget-container,.e-con-inner>.elementor-widget-spacer>.elementor-widget-container>.elementor-spacer,.e-con>.elementor-widget-spacer>.elementor-widget-container,.e-con>.elementor-widget-spacer>.elementor-widget-container>.elementor-spacer{height:100%}.e-con-inner>.elementor-widget-spacer>.elementor-widget-container>.elementor-spacer>.elementor-spacer-inner,.e-con>.elementor-widget-spacer>.elementor-widget-container>.elementor-spacer>.elementor-spacer-inner{height:var(--container-widget-height,var(--spacer-size))}<\/style>\t\t<div class=\"elementor-spacer\">\n\t\t\t<div class=\"elementor-spacer-inner\"><\/div>\n\t\t<\/div>\n\t\t\t\t<\/div>\n\t\t\t\t<\/div>\n\t\t\t\t\t<\/div>\n\t\t<\/div>\n\t\t\t\t\t\t\t<\/div>\n\t\t<\/section>\n\t\t\t\t<section class=\"elementor-section elementor-top-section elementor-element elementor-element-15d5d042 elementor-section-boxed elementor-section-height-default elementor-section-height-default\" data-id=\"15d5d042\" data-element_type=\"section\">\n\t\t\t\t\t\t<div class=\"elementor-container elementor-column-gap-default\">\n\t\t\t\t\t<div class=\"elementor-column elementor-col-100 elementor-top-column elementor-element elementor-element-7552466a\" data-id=\"7552466a\" data-element_type=\"column\">\n\t\t\t<div class=\"elementor-widget-wrap elementor-element-populated\">\n\t\t\t\t\t\t\t\t\t<\/div>\n\t\t<\/div>\n\t\t\t\t\t\t\t<\/div>\n\t\t<\/section>\n\t\t\t\t<section class=\"elementor-section elementor-top-section elementor-element elementor-element-86ef0ac elementor-section-boxed elementor-section-height-default elementor-section-height-default\" data-id=\"86ef0ac\" data-element_type=\"section\">\n\t\t\t\t\t\t<div class=\"elementor-container elementor-column-gap-default\">\n\t\t\t\t\t<div class=\"elementor-column elementor-col-100 elementor-top-column elementor-element elementor-element-713727f1\" data-id=\"713727f1\" data-element_type=\"column\">\n\t\t\t<div class=\"elementor-widget-wrap elementor-element-populated\">\n\t\t\t\t\t\t\t\t<div class=\"elementor-element elementor-element-2c88a8b8 elementor-widget elementor-widget-heading\" data-id=\"2c88a8b8\" data-element_type=\"widget\" data-widget_type=\"heading.default\">\n\t\t\t\t<div class=\"elementor-widget-container\">\n\t\t\t<style>\/*! elementor - v3.13.2 - 11-05-2023 *\/\n.elementor-heading-title{padding:0;margin:0;line-height:1}.elementor-widget-heading .elementor-heading-title[class*=elementor-size-]>a{color:inherit;font-size:inherit;line-height:inherit}.elementor-widget-heading .elementor-heading-title.elementor-size-small{font-size:15px}.elementor-widget-heading .elementor-heading-title.elementor-size-medium{font-size:19px}.elementor-widget-heading .elementor-heading-title.elementor-size-large{font-size:29px}.elementor-widget-heading .elementor-heading-title.elementor-size-xl{font-size:39px}.elementor-widget-heading .elementor-heading-title.elementor-size-xxl{font-size:59px}<\/style><h2 class=\"elementor-heading-title elementor-size-xl\">Un voyage d'hiver<\/h2>\t\t<\/div>\n\t\t\t\t<\/div>\n\t\t\t\t\t<\/div>\n\t\t<\/div>\n\t\t\t\t\t\t\t<\/div>\n\t\t<\/section>\n\t\t\t\t<section class=\"elementor-section elementor-top-section elementor-element elementor-element-213ca8f2 elementor-section-boxed elementor-section-height-default elementor-section-height-default\" data-id=\"213ca8f2\" data-element_type=\"section\">\n\t\t\t\t\t\t<div class=\"elementor-container elementor-column-gap-default\">\n\t\t\t\t\t<div class=\"elementor-column elementor-col-100 elementor-top-column elementor-element elementor-element-628e3c1d\" data-id=\"628e3c1d\" data-element_type=\"column\">\n\t\t\t<div class=\"elementor-widget-wrap elementor-element-populated\">\n\t\t\t\t\t\t\t\t<div class=\"elementor-element elementor-element-32787af7 elementor-widget elementor-widget-spacer\" data-id=\"32787af7\" data-element_type=\"widget\" data-widget_type=\"spacer.default\">\n\t\t\t\t<div class=\"elementor-widget-container\">\n\t\t\t\t\t<div class=\"elementor-spacer\">\n\t\t\t<div class=\"elementor-spacer-inner\"><\/div>\n\t\t<\/div>\n\t\t\t\t<\/div>\n\t\t\t\t<\/div>\n\t\t\t\t\t<\/div>\n\t\t<\/div>\n\t\t\t\t\t\t\t<\/div>\n\t\t<\/section>\n\t\t\t\t<section class=\"elementor-section elementor-top-section elementor-element elementor-element-77bba55 elementor-section-boxed elementor-section-height-default elementor-section-height-default\" data-id=\"77bba55\" data-element_type=\"section\">\n\t\t\t\t\t\t<div class=\"elementor-container elementor-column-gap-default\">\n\t\t\t\t\t<div class=\"elementor-column elementor-col-100 elementor-top-column elementor-element elementor-element-758d118\" data-id=\"758d118\" data-element_type=\"column\">\n\t\t\t<div class=\"elementor-widget-wrap elementor-element-populated\">\n\t\t\t\t\t\t\t\t<div class=\"elementor-element elementor-element-289522d elementor-widget elementor-widget-text-editor\" data-id=\"289522d\" data-element_type=\"widget\" data-widget_type=\"text-editor.default\">\n\t\t\t\t<div class=\"elementor-widget-container\">\n\t\t\t\t\t\t\t<p class=\"cvGsUA direction-ltr align-justify para-style-body\"><span class=\"a_GcMg font-feature-liga-off font-feature-clig-off font-feature-calt-off text-decoration-none text-strikethrough-none\">Le<\/span><span class=\"a_GcMg font-feature-liga-off font-feature-clig-off font-feature-calt-off text-decoration-none text-strikethrough-none\"> Voyage d\u2019hiver <\/span><span class=\"a_GcMg font-feature-liga-off font-feature-clig-off font-feature-calt-off text-decoration-none text-strikethrough-none\">nous accompagne de la mani\u00e8re la plus intime et la plus permanente. Nous y retrouvons nos chagrins d\u2019amour, nos espoirs d\u00e9\u00e7us, nos ailleurs jamais atteints, nos d\u00e9parts consentis, nos rires oubli\u00e9s, nos adieux impossibles, nos regrets et nos remords.<\/span><\/p><p class=\"cvGsUA direction-ltr align-justify para-style-body\"><span class=\"a_GcMg font-feature-liga-off font-feature-clig-off font-feature-calt-off text-decoration-none text-strikethrough-none\">Les amis de Schubert n\u2019y reconnurent pas la joie intacte, la lumi\u00e8re limpide, la m\u00e9lodie gracieuse, le charme qu\u2019ils aimaient dans sa musique ; ils s\u2019alarm\u00e8rent d\u2019un d\u00e9sespoir sec, d\u2019un vide d\u00e9vorant la partition au profit d\u2019un silence fun\u00e8bre, et qui en effet pr\u00e9figurait la mort d\u2019un artiste emport\u00e9 l\u2019ann\u00e9e suivante \u00e0 31 ans \u00e0 peine.<\/span><\/p><p class=\"cvGsUA direction-ltr align-justify para-style-body\"><span class=\"a_GcMg font-feature-liga-off font-feature-clig-off font-feature-calt-off text-decoration-none text-strikethrough-none\">Cette \u0153uvre radicale, profonde, d\u00e9cant\u00e9e, jaillissement d\u2019un g\u00e9nie aussi d\u00e9finitif que pr\u00e9coce, est le fruit de la cr\u00e9ation successive de deux m\u00e9t\u00e9ores \u00e0 peine trentenaires du Romantisme allemand : les mots d\u2019un Wilhelm M\u00fcller de 30 ans, pr\u00e9curseur de Heine, chantre de la cruaut\u00e9 simple de la vie, mis en musique par Franz Schubert. Le po\u00e8te s\u2019\u00e9teignait \u00e0 32 ans en cette ann\u00e9e 1827, sans avoir sans doute imagin\u00e9 que son \u0153uvre lui survivrait par le glorieux destin de la partition.<\/span><\/p><div><div><div><p>Chanter <em>Le Voyage d\u2019hiver<\/em>, le jouer au piano, l\u2019enseigner, le pr\u00e9senter, le partager, le lire, le cultiver, le fr\u00e9quenter, le rem\u00e9morer, le r\u00eaver, tout cela, c\u2019est l\u2019interpr\u00e9ter. Nous avons tant et tant p\u00e9tri cette mati\u00e8re, questionn\u00e9 cette temporalit\u00e9, envisag\u00e9 les lueurs blafardes, les aubes glac\u00e9es, les vastes \u00e9tendues o\u00f9 se perd le voyageur, qu\u2019apr\u00e8s toutes ces ann\u00e9es, presque trente, la br\u00e8ve vie de Schubert, pass\u00e9es \u00e0 fr\u00e9quenter <em>Winterreise<\/em>, j\u2019ai voulu aller plus loin dans la transmission de cette \u0153uvre : il faut croire que d\u00e9fendre chaque mot avec tout mon c\u0153ur, ce n\u2019est pas assez, en d\u00e9finitive. M\u00eame avec \u00ab mon \u00bb pianiste de toujours \u00e0 mes c\u00f4t\u00e9s, Jo\u00ebl Soichez, l\u2019incomparable complice de la d\u00e9couverte de ce r\u00e9pertoire lors de nos \u00e9tudes au conservatoire.<\/p><\/div><div><p>Alors, une id\u00e9e folle, mais au fond \u00e9vidente : donner un \u00e9clairage, camper un imaginaire, proposer un regard, bref, mettre en images ces paysages sonores tant et tant parcourus, pour le projet peut-\u00eatre le plus personnel que j\u2019aie jamais men\u00e9. Un concours de circonstances a voulu que je tienne finalement moi-m\u00eame la cam\u00e9ra, passant outre mes r\u00e9serves, et c\u2019est tr\u00e8s bien ainsi. Ce film, c\u2019est mon film, tourn\u00e9 avec mes amis, mes obsessions, dans mes paysages int\u00e9rieurs. Plus qu\u2019<em>un<\/em> voyage d\u2019hiver, <em>mon<\/em> voyage d\u2019hiver.<\/p><\/div><\/div><\/div><p>Effectif : 1 chanteur, 1 pianiste.<\/p>\t\t\t\t\t\t<\/div>\n\t\t\t\t<\/div>\n\t\t\t\t\t<\/div>\n\t\t<\/div>\n\t\t\t\t\t\t\t<\/div>\n\t\t<\/section>\n\t\t\t\t<section class=\"elementor-section elementor-top-section elementor-element elementor-element-15aeb8cf elementor-section-full_width elementor-section-height-default elementor-section-height-default\" data-id=\"15aeb8cf\" data-element_type=\"section\">\n\t\t\t\t\t\t<div class=\"elementor-container elementor-column-gap-default\">\n\t\t\t\t\t<div class=\"elementor-column elementor-col-25 elementor-top-column elementor-element elementor-element-9a2b8f0\" data-id=\"9a2b8f0\" data-element_type=\"column\">\n\t\t\t<div class=\"elementor-widget-wrap elementor-element-populated\">\n\t\t\t\t\t\t\t\t<div class=\"elementor-element elementor-element-5c48423d elementor-widget elementor-widget-image\" data-id=\"5c48423d\" data-element_type=\"widget\" data-widget_type=\"image.default\">\n\t\t\t\t<div class=\"elementor-widget-container\">\n\t\t\t<style>\/*! elementor - v3.13.2 - 11-05-2023 *\/\n.elementor-widget-image{text-align:center}.elementor-widget-image a{display:inline-block}.elementor-widget-image a img[src$=\".svg\"]{width:48px}.elementor-widget-image img{vertical-align:middle;display:inline-block}<\/style>\t\t\t\t\t\t\t\t\t\t\t\t<img loading=\"lazy\" decoding=\"async\" width=\"800\" height=\"500\" src=\"https:\/\/lecortegedorphee.fr\/wp-content\/uploads\/2026\/01\/img525-1024x640.jpg\" class=\"attachment-large size-large wp-image-1946\" alt=\"\" srcset=\"https:\/\/lecortegedorphee.fr\/wp-content\/uploads\/2026\/01\/img525-1024x640.jpg 1024w, https:\/\/lecortegedorphee.fr\/wp-content\/uploads\/2026\/01\/img525-300x188.jpg 300w, https:\/\/lecortegedorphee.fr\/wp-content\/uploads\/2026\/01\/img525-768x480.jpg 768w, https:\/\/lecortegedorphee.fr\/wp-content\/uploads\/2026\/01\/img525.jpg 1440w\" sizes=\"auto, (max-width: 800px) 100vw, 800px\" \/>\t\t\t\t\t\t\t\t\t\t\t\t\t\t\t<\/div>\n\t\t\t\t<\/div>\n\t\t\t\t\t<\/div>\n\t\t<\/div>\n\t\t\t\t<div class=\"elementor-column elementor-col-25 elementor-top-column elementor-element elementor-element-46cb2448\" data-id=\"46cb2448\" data-element_type=\"column\">\n\t\t\t<div class=\"elementor-widget-wrap elementor-element-populated\">\n\t\t\t\t\t\t\t\t<div class=\"elementor-element elementor-element-3270fca1 elementor-widget elementor-widget-image\" data-id=\"3270fca1\" data-element_type=\"widget\" data-widget_type=\"image.default\">\n\t\t\t\t<div class=\"elementor-widget-container\">\n\t\t\t\t\t\t\t\t\t\t\t\t\t\t\t<img loading=\"lazy\" decoding=\"async\" width=\"800\" height=\"500\" src=\"https:\/\/lecortegedorphee.fr\/wp-content\/uploads\/2026\/01\/img529-1-1024x640.jpg\" class=\"attachment-large size-large wp-image-1947\" alt=\"\" srcset=\"https:\/\/lecortegedorphee.fr\/wp-content\/uploads\/2026\/01\/img529-1-1024x640.jpg 1024w, https:\/\/lecortegedorphee.fr\/wp-content\/uploads\/2026\/01\/img529-1-300x188.jpg 300w, https:\/\/lecortegedorphee.fr\/wp-content\/uploads\/2026\/01\/img529-1-768x480.jpg 768w, https:\/\/lecortegedorphee.fr\/wp-content\/uploads\/2026\/01\/img529-1.jpg 1440w\" sizes=\"auto, (max-width: 800px) 100vw, 800px\" \/>\t\t\t\t\t\t\t\t\t\t\t\t\t\t\t<\/div>\n\t\t\t\t<\/div>\n\t\t\t\t\t<\/div>\n\t\t<\/div>\n\t\t\t\t<div class=\"elementor-column elementor-col-25 elementor-top-column elementor-element elementor-element-501f9cec\" data-id=\"501f9cec\" data-element_type=\"column\">\n\t\t\t<div class=\"elementor-widget-wrap elementor-element-populated\">\n\t\t\t\t\t\t\t\t<div class=\"elementor-element elementor-element-1c78c6a4 elementor-widget elementor-widget-image\" data-id=\"1c78c6a4\" data-element_type=\"widget\" data-widget_type=\"image.default\">\n\t\t\t\t<div class=\"elementor-widget-container\">\n\t\t\t\t\t\t\t\t\t\t\t\t\t\t\t<img loading=\"lazy\" decoding=\"async\" width=\"800\" height=\"500\" src=\"https:\/\/lecortegedorphee.fr\/wp-content\/uploads\/2026\/01\/img54-1024x640.jpg\" class=\"attachment-large size-large wp-image-1950\" alt=\"\" srcset=\"https:\/\/lecortegedorphee.fr\/wp-content\/uploads\/2026\/01\/img54-1024x640.jpg 1024w, https:\/\/lecortegedorphee.fr\/wp-content\/uploads\/2026\/01\/img54-300x188.jpg 300w, https:\/\/lecortegedorphee.fr\/wp-content\/uploads\/2026\/01\/img54-768x480.jpg 768w, https:\/\/lecortegedorphee.fr\/wp-content\/uploads\/2026\/01\/img54.jpg 1440w\" sizes=\"auto, (max-width: 800px) 100vw, 800px\" \/>\t\t\t\t\t\t\t\t\t\t\t\t\t\t\t<\/div>\n\t\t\t\t<\/div>\n\t\t\t\t\t<\/div>\n\t\t<\/div>\n\t\t\t\t<div class=\"elementor-column elementor-col-25 elementor-top-column elementor-element elementor-element-63981b7\" data-id=\"63981b7\" data-element_type=\"column\">\n\t\t\t<div class=\"elementor-widget-wrap elementor-element-populated\">\n\t\t\t\t\t\t\t\t<div class=\"elementor-element elementor-element-575d74e5 elementor-widget elementor-widget-image\" data-id=\"575d74e5\" data-element_type=\"widget\" data-widget_type=\"image.default\">\n\t\t\t\t<div class=\"elementor-widget-container\">\n\t\t\t\t\t\t\t\t\t\t\t\t\t\t\t<img loading=\"lazy\" decoding=\"async\" width=\"800\" height=\"500\" src=\"https:\/\/lecortegedorphee.fr\/wp-content\/uploads\/2026\/01\/img517-1024x640.jpg\" class=\"attachment-large size-large wp-image-1952\" alt=\"\" srcset=\"https:\/\/lecortegedorphee.fr\/wp-content\/uploads\/2026\/01\/img517-1024x640.jpg 1024w, https:\/\/lecortegedorphee.fr\/wp-content\/uploads\/2026\/01\/img517-300x188.jpg 300w, https:\/\/lecortegedorphee.fr\/wp-content\/uploads\/2026\/01\/img517-768x480.jpg 768w, https:\/\/lecortegedorphee.fr\/wp-content\/uploads\/2026\/01\/img517.jpg 1440w\" sizes=\"auto, (max-width: 800px) 100vw, 800px\" \/>\t\t\t\t\t\t\t\t\t\t\t\t\t\t\t<\/div>\n\t\t\t\t<\/div>\n\t\t\t\t\t<\/div>\n\t\t<\/div>\n\t\t\t\t\t\t\t<\/div>\n\t\t<\/section>\n\t\t\t\t<section class=\"elementor-section elementor-top-section elementor-element elementor-element-36746cd6 elementor-section-boxed elementor-section-height-default elementor-section-height-default\" data-id=\"36746cd6\" data-element_type=\"section\">\n\t\t\t\t\t\t<div class=\"elementor-container elementor-column-gap-default\">\n\t\t\t\t\t<div class=\"elementor-column elementor-col-100 elementor-top-column elementor-element elementor-element-612a41ad\" data-id=\"612a41ad\" data-element_type=\"column\">\n\t\t\t<div class=\"elementor-widget-wrap\">\n\t\t\t\t\t\t\t\t\t<\/div>\n\t\t<\/div>\n\t\t\t\t\t\t\t<\/div>\n\t\t<\/section>\n\t\t\t\t<section class=\"elementor-section elementor-top-section elementor-element elementor-element-41b6831 elementor-section-boxed elementor-section-height-default elementor-section-height-default\" data-id=\"41b6831\" data-element_type=\"section\">\n\t\t\t\t\t\t<div class=\"elementor-container elementor-column-gap-default\">\n\t\t\t\t\t<div class=\"elementor-column elementor-col-100 elementor-top-column elementor-element elementor-element-bcfc5b7\" data-id=\"bcfc5b7\" data-element_type=\"column\">\n\t\t\t<div class=\"elementor-widget-wrap\">\n\t\t\t\t\t\t\t\t\t<\/div>\n\t\t<\/div>\n\t\t\t\t\t\t\t<\/div>\n\t\t<\/section>\n\t\t\t\t\t\t\t<\/div>\n\t\t","protected":false},"excerpt":{"rendered":"<p>Un voyage d&rsquo;hiver Le Voyage d\u2019hiver nous accompagne de la mani\u00e8re la plus intime et la plus permanente. Nous y retrouvons nos chagrins d\u2019amour, nos espoirs d\u00e9\u00e7us, nos ailleurs jamais atteints, nos d\u00e9parts consentis, nos rires oubli\u00e9s, nos adieux impossibles, nos regrets et nos remords. Les amis de Schubert n\u2019y reconnurent pas la joie intacte, [&hellip;]<\/p>\n","protected":false},"author":2,"featured_media":0,"parent":0,"menu_order":0,"comment_status":"closed","ping_status":"closed","template":"","meta":{"footnotes":""},"class_list":["post-1943","page","type-page","status-publish","hentry"],"_links":{"self":[{"href":"https:\/\/lecortegedorphee.fr\/index.php\/wp-json\/wp\/v2\/pages\/1943","targetHints":{"allow":["GET"]}}],"collection":[{"href":"https:\/\/lecortegedorphee.fr\/index.php\/wp-json\/wp\/v2\/pages"}],"about":[{"href":"https:\/\/lecortegedorphee.fr\/index.php\/wp-json\/wp\/v2\/types\/page"}],"author":[{"embeddable":true,"href":"https:\/\/lecortegedorphee.fr\/index.php\/wp-json\/wp\/v2\/users\/2"}],"replies":[{"embeddable":true,"href":"https:\/\/lecortegedorphee.fr\/index.php\/wp-json\/wp\/v2\/comments?post=1943"}],"version-history":[{"count":10,"href":"https:\/\/lecortegedorphee.fr\/index.php\/wp-json\/wp\/v2\/pages\/1943\/revisions"}],"predecessor-version":[{"id":1976,"href":"https:\/\/lecortegedorphee.fr\/index.php\/wp-json\/wp\/v2\/pages\/1943\/revisions\/1976"}],"wp:attachment":[{"href":"https:\/\/lecortegedorphee.fr\/index.php\/wp-json\/wp\/v2\/media?parent=1943"}],"curies":[{"name":"wp","href":"https:\/\/api.w.org\/{rel}","templated":true}]}}