{"id":555,"date":"2024-09-28T23:40:24","date_gmt":"2024-09-28T21:40:24","guid":{"rendered":"https:\/\/lecortegedorphee.fr\/?page_id=555"},"modified":"2024-10-05T23:10:49","modified_gmt":"2024-10-05T21:10:49","slug":"fleur-decosse","status":"publish","type":"page","link":"https:\/\/lecortegedorphee.fr\/index.php\/fleur-decosse\/","title":{"rendered":"Fleur d&rsquo;Ecosse"},"content":{"rendered":"\t\t<div data-elementor-type=\"wp-page\" data-elementor-id=\"555\" class=\"elementor elementor-555\">\n\t\t\t\t\t\t\t\t\t<section class=\"elementor-section elementor-top-section elementor-element elementor-element-60375cf elementor-section-boxed elementor-section-height-default elementor-section-height-default\" data-id=\"60375cf\" data-element_type=\"section\">\n\t\t\t\t\t\t<div class=\"elementor-container elementor-column-gap-default\">\n\t\t\t\t\t<div class=\"elementor-column elementor-col-100 elementor-top-column elementor-element elementor-element-9d54cc8\" data-id=\"9d54cc8\" data-element_type=\"column\">\n\t\t\t<div class=\"elementor-widget-wrap elementor-element-populated\">\n\t\t\t\t\t\t\t\t<div class=\"elementor-element elementor-element-b7c59cc elementor-widget elementor-widget-text-editor\" data-id=\"b7c59cc\" data-element_type=\"widget\" data-widget_type=\"text-editor.default\">\n\t\t\t\t<div class=\"elementor-widget-container\">\n\t\t\t<style>\/*! elementor - v3.13.2 - 11-05-2023 *\/\n.elementor-widget-text-editor.elementor-drop-cap-view-stacked .elementor-drop-cap{background-color:#69727d;color:#fff}.elementor-widget-text-editor.elementor-drop-cap-view-framed .elementor-drop-cap{color:#69727d;border:3px solid;background-color:transparent}.elementor-widget-text-editor:not(.elementor-drop-cap-view-default) .elementor-drop-cap{margin-top:8px}.elementor-widget-text-editor:not(.elementor-drop-cap-view-default) .elementor-drop-cap-letter{width:1em;height:1em}.elementor-widget-text-editor .elementor-drop-cap{float:left;text-align:center;line-height:1;font-size:50px}.elementor-widget-text-editor .elementor-drop-cap-letter{display:inline-block}<\/style>\t\t\t\t\t\t\t\t\t\t<\/div>\n\t\t\t\t<\/div>\n\t\t\t\t\t<\/div>\n\t\t<\/div>\n\t\t\t\t\t\t\t<\/div>\n\t\t<\/section>\n\t\t\t\t<section class=\"elementor-section elementor-top-section elementor-element elementor-element-7b34ba2 elementor-section-full_width elementor-section-height-default elementor-section-height-default\" data-id=\"7b34ba2\" data-element_type=\"section\" data-settings=\"{&quot;background_background&quot;:&quot;classic&quot;}\">\n\t\t\t\t\t\t<div class=\"elementor-container elementor-column-gap-default\">\n\t\t\t\t\t<div class=\"elementor-column elementor-col-100 elementor-top-column elementor-element elementor-element-9a7a6f8\" data-id=\"9a7a6f8\" data-element_type=\"column\">\n\t\t\t<div class=\"elementor-widget-wrap elementor-element-populated\">\n\t\t\t\t\t\t\t\t<div class=\"elementor-element elementor-element-9f285df elementor-widget elementor-widget-spacer\" data-id=\"9f285df\" data-element_type=\"widget\" data-widget_type=\"spacer.default\">\n\t\t\t\t<div class=\"elementor-widget-container\">\n\t\t\t<style>\/*! elementor - v3.13.2 - 11-05-2023 *\/\n.elementor-column .elementor-spacer-inner{height:var(--spacer-size)}.e-con{--container-widget-width:100%}.e-con-inner>.elementor-widget-spacer,.e-con>.elementor-widget-spacer{width:var(--container-widget-width,var(--spacer-size));--align-self:var(--container-widget-align-self,initial);--flex-shrink:0}.e-con-inner>.elementor-widget-spacer>.elementor-widget-container,.e-con-inner>.elementor-widget-spacer>.elementor-widget-container>.elementor-spacer,.e-con>.elementor-widget-spacer>.elementor-widget-container,.e-con>.elementor-widget-spacer>.elementor-widget-container>.elementor-spacer{height:100%}.e-con-inner>.elementor-widget-spacer>.elementor-widget-container>.elementor-spacer>.elementor-spacer-inner,.e-con>.elementor-widget-spacer>.elementor-widget-container>.elementor-spacer>.elementor-spacer-inner{height:var(--container-widget-height,var(--spacer-size))}<\/style>\t\t<div class=\"elementor-spacer\">\n\t\t\t<div class=\"elementor-spacer-inner\"><\/div>\n\t\t<\/div>\n\t\t\t\t<\/div>\n\t\t\t\t<\/div>\n\t\t\t\t\t<\/div>\n\t\t<\/div>\n\t\t\t\t\t\t\t<\/div>\n\t\t<\/section>\n\t\t\t\t<section class=\"elementor-section elementor-top-section elementor-element elementor-element-606c6d3 elementor-section-boxed elementor-section-height-default elementor-section-height-default\" data-id=\"606c6d3\" data-element_type=\"section\">\n\t\t\t\t\t\t<div class=\"elementor-container elementor-column-gap-default\">\n\t\t\t\t\t<div class=\"elementor-column elementor-col-100 elementor-top-column elementor-element elementor-element-43acf8c\" data-id=\"43acf8c\" data-element_type=\"column\">\n\t\t\t<div class=\"elementor-widget-wrap elementor-element-populated\">\n\t\t\t\t\t\t\t\t<div class=\"elementor-element elementor-element-c86ca1c elementor-widget elementor-widget-text-editor\" data-id=\"c86ca1c\" data-element_type=\"widget\" data-widget_type=\"text-editor.default\">\n\t\t\t\t<div class=\"elementor-widget-container\">\n\t\t\t\t\t\t\t\t\t\t\t\t\t<\/div>\n\t\t\t\t<\/div>\n\t\t\t\t\t<\/div>\n\t\t<\/div>\n\t\t\t\t\t\t\t<\/div>\n\t\t<\/section>\n\t\t\t\t<section class=\"elementor-section elementor-top-section elementor-element elementor-element-4e8c56a elementor-section-boxed elementor-section-height-default elementor-section-height-default\" data-id=\"4e8c56a\" data-element_type=\"section\">\n\t\t\t\t\t\t<div class=\"elementor-container elementor-column-gap-default\">\n\t\t\t\t\t<div class=\"elementor-column elementor-col-100 elementor-top-column elementor-element elementor-element-ab9d54a\" data-id=\"ab9d54a\" data-element_type=\"column\">\n\t\t\t<div class=\"elementor-widget-wrap elementor-element-populated\">\n\t\t\t\t\t\t\t\t<div class=\"elementor-element elementor-element-d48b6dc elementor-widget elementor-widget-heading\" data-id=\"d48b6dc\" data-element_type=\"widget\" data-widget_type=\"heading.default\">\n\t\t\t\t<div class=\"elementor-widget-container\">\n\t\t\t<style>\/*! elementor - v3.13.2 - 11-05-2023 *\/\n.elementor-heading-title{padding:0;margin:0;line-height:1}.elementor-widget-heading .elementor-heading-title[class*=elementor-size-]>a{color:inherit;font-size:inherit;line-height:inherit}.elementor-widget-heading .elementor-heading-title.elementor-size-small{font-size:15px}.elementor-widget-heading .elementor-heading-title.elementor-size-medium{font-size:19px}.elementor-widget-heading .elementor-heading-title.elementor-size-large{font-size:29px}.elementor-widget-heading .elementor-heading-title.elementor-size-xl{font-size:39px}.elementor-widget-heading .elementor-heading-title.elementor-size-xxl{font-size:59px}<\/style><h2 class=\"elementor-heading-title elementor-size-xl\">FLEUR D'\u00c9COSSE<\/h2>\t\t<\/div>\n\t\t\t\t<\/div>\n\t\t\t\t\t<\/div>\n\t\t<\/div>\n\t\t\t\t\t\t\t<\/div>\n\t\t<\/section>\n\t\t\t\t<section class=\"elementor-section elementor-top-section elementor-element elementor-element-0bdf6ac elementor-section-boxed elementor-section-height-default elementor-section-height-default\" data-id=\"0bdf6ac\" data-element_type=\"section\">\n\t\t\t\t\t\t<div class=\"elementor-container elementor-column-gap-default\">\n\t\t\t\t\t<div class=\"elementor-column elementor-col-100 elementor-top-column elementor-element elementor-element-bc07a01\" data-id=\"bc07a01\" data-element_type=\"column\">\n\t\t\t<div class=\"elementor-widget-wrap elementor-element-populated\">\n\t\t\t\t\t\t\t\t\t<\/div>\n\t\t<\/div>\n\t\t\t\t\t\t\t<\/div>\n\t\t<\/section>\n\t\t\t\t<section class=\"elementor-section elementor-top-section elementor-element elementor-element-448d7b6 elementor-section-boxed elementor-section-height-default elementor-section-height-default\" data-id=\"448d7b6\" data-element_type=\"section\">\n\t\t\t\t\t\t<div class=\"elementor-container elementor-column-gap-default\">\n\t\t\t\t\t<div class=\"elementor-column elementor-col-100 elementor-top-column elementor-element elementor-element-bcf7b00\" data-id=\"bcf7b00\" data-element_type=\"column\">\n\t\t\t<div class=\"elementor-widget-wrap elementor-element-populated\">\n\t\t\t\t\t\t\t\t<div class=\"elementor-element elementor-element-45b81ca elementor-widget elementor-widget-text-editor\" data-id=\"45b81ca\" data-element_type=\"widget\" data-widget_type=\"text-editor.default\">\n\t\t\t\t<div class=\"elementor-widget-container\">\n\t\t\t\t\t\t\t<p><\/p>\n<div style=\"text-align: justify;\" data-olk-copy-source=\"MessageBody\">Nous vous convions \u00e0 cette aventure musicale po\u00e9tique et d\u00e9cal\u00e9e, parsem\u00e9e de pages de Sibelius, Schubert, Schumann, Britten, Bennett, mais aussi de tubes de la musique traditionnelle ou pop. Une soir\u00e9e inattendue dans les <em>highlands<\/em> en compagnie des vers de Walter Scott, Robert Burns ou Shakespeare.&nbsp;<\/div><div style=\"text-align: justify;\" data-olk-copy-source=\"MessageBody\">Et beaucoup <span class=\"markbz41gj362\" data-markjs=\"true\" data-ogac=\"\" data-ogab=\"\" data-ogsc=\"\" data-ogsb=\"\">d&rsquo;<\/span>autres !<\/div>\n<p><\/p>\n<p>Effectif : 4 chanteurs <\/p>\t\t\t\t\t\t<\/div>\n\t\t\t\t<\/div>\n\t\t\t\t\t<\/div>\n\t\t<\/div>\n\t\t\t\t\t\t\t<\/div>\n\t\t<\/section>\n\t\t\t\t<section class=\"elementor-section elementor-top-section elementor-element elementor-element-d79386e elementor-section-full_width elementor-section-height-default elementor-section-height-default\" data-id=\"d79386e\" data-element_type=\"section\">\n\t\t\t\t\t\t<div class=\"elementor-container elementor-column-gap-default\">\n\t\t\t\t\t<div class=\"elementor-column elementor-col-25 elementor-top-column elementor-element elementor-element-6899354\" data-id=\"6899354\" data-element_type=\"column\">\n\t\t\t<div class=\"elementor-widget-wrap elementor-element-populated\">\n\t\t\t\t\t\t\t\t<div class=\"elementor-element elementor-element-0b2b351 elementor-widget elementor-widget-image\" data-id=\"0b2b351\" data-element_type=\"widget\" data-widget_type=\"image.default\">\n\t\t\t\t<div class=\"elementor-widget-container\">\n\t\t\t<style>\/*! elementor - v3.13.2 - 11-05-2023 *\/\n.elementor-widget-image{text-align:center}.elementor-widget-image a{display:inline-block}.elementor-widget-image a img[src$=\".svg\"]{width:48px}.elementor-widget-image img{vertical-align:middle;display:inline-block}<\/style>\t\t\t\t\t\t\t\t\t\t\t\t<img loading=\"lazy\" decoding=\"async\" width=\"800\" height=\"572\" src=\"https:\/\/lecortegedorphee.fr\/wp-content\/uploads\/2024\/09\/20240524_222446-1-scaled-e1727560282838-1024x732.jpg\" class=\"attachment-large size-large wp-image-567\" alt=\"\" srcset=\"https:\/\/lecortegedorphee.fr\/wp-content\/uploads\/2024\/09\/20240524_222446-1-scaled-e1727560282838-1024x732.jpg 1024w, https:\/\/lecortegedorphee.fr\/wp-content\/uploads\/2024\/09\/20240524_222446-1-scaled-e1727560282838-300x214.jpg 300w, https:\/\/lecortegedorphee.fr\/wp-content\/uploads\/2024\/09\/20240524_222446-1-scaled-e1727560282838-768x549.jpg 768w, https:\/\/lecortegedorphee.fr\/wp-content\/uploads\/2024\/09\/20240524_222446-1-scaled-e1727560282838-1536x1097.jpg 1536w, https:\/\/lecortegedorphee.fr\/wp-content\/uploads\/2024\/09\/20240524_222446-1-scaled-e1727560282838-2048x1463.jpg 2048w\" sizes=\"auto, (max-width: 800px) 100vw, 800px\" \/>\t\t\t\t\t\t\t\t\t\t\t\t\t\t\t<\/div>\n\t\t\t\t<\/div>\n\t\t\t\t\t<\/div>\n\t\t<\/div>\n\t\t\t\t<div class=\"elementor-column elementor-col-25 elementor-top-column elementor-element elementor-element-c82667d\" data-id=\"c82667d\" data-element_type=\"column\">\n\t\t\t<div class=\"elementor-widget-wrap elementor-element-populated\">\n\t\t\t\t\t\t\t\t<div class=\"elementor-element elementor-element-4cdfe3f elementor-widget elementor-widget-image\" data-id=\"4cdfe3f\" data-element_type=\"widget\" data-widget_type=\"image.default\">\n\t\t\t\t<div class=\"elementor-widget-container\">\n\t\t\t\t\t\t\t\t\t\t\t\t\t\t\t<img loading=\"lazy\" decoding=\"async\" width=\"800\" height=\"563\" src=\"https:\/\/lecortegedorphee.fr\/wp-content\/uploads\/2024\/09\/Scotland-Nuit-1024x720.png\" class=\"attachment-large size-large wp-image-540\" alt=\"\" srcset=\"https:\/\/lecortegedorphee.fr\/wp-content\/uploads\/2024\/09\/Scotland-Nuit-1024x720.png 1024w, https:\/\/lecortegedorphee.fr\/wp-content\/uploads\/2024\/09\/Scotland-Nuit-300x211.png 300w, https:\/\/lecortegedorphee.fr\/wp-content\/uploads\/2024\/09\/Scotland-Nuit-768x540.png 768w, https:\/\/lecortegedorphee.fr\/wp-content\/uploads\/2024\/09\/Scotland-Nuit.png 1536w\" sizes=\"auto, (max-width: 800px) 100vw, 800px\" \/>\t\t\t\t\t\t\t\t\t\t\t\t\t\t\t<\/div>\n\t\t\t\t<\/div>\n\t\t\t\t\t<\/div>\n\t\t<\/div>\n\t\t\t\t<div class=\"elementor-column elementor-col-25 elementor-top-column elementor-element elementor-element-7555b61\" data-id=\"7555b61\" data-element_type=\"column\">\n\t\t\t<div class=\"elementor-widget-wrap elementor-element-populated\">\n\t\t\t\t\t\t\t\t<div class=\"elementor-element elementor-element-241ffe4 elementor-widget elementor-widget-image\" data-id=\"241ffe4\" data-element_type=\"widget\" data-widget_type=\"image.default\">\n\t\t\t\t<div class=\"elementor-widget-container\">\n\t\t\t\t\t\t\t\t\t\t\t\t\t\t\t<img loading=\"lazy\" decoding=\"async\" width=\"800\" height=\"563\" src=\"https:\/\/lecortegedorphee.fr\/wp-content\/uploads\/2024\/09\/Scotland-Couchant-1024x720.png\" class=\"attachment-large size-large wp-image-538\" alt=\"\" srcset=\"https:\/\/lecortegedorphee.fr\/wp-content\/uploads\/2024\/09\/Scotland-Couchant-1024x720.png 1024w, https:\/\/lecortegedorphee.fr\/wp-content\/uploads\/2024\/09\/Scotland-Couchant-300x211.png 300w, https:\/\/lecortegedorphee.fr\/wp-content\/uploads\/2024\/09\/Scotland-Couchant-768x540.png 768w, https:\/\/lecortegedorphee.fr\/wp-content\/uploads\/2024\/09\/Scotland-Couchant.png 1536w\" sizes=\"auto, (max-width: 800px) 100vw, 800px\" \/>\t\t\t\t\t\t\t\t\t\t\t\t\t\t\t<\/div>\n\t\t\t\t<\/div>\n\t\t\t\t\t<\/div>\n\t\t<\/div>\n\t\t\t\t<div class=\"elementor-column elementor-col-25 elementor-top-column elementor-element elementor-element-b9c24cf\" data-id=\"b9c24cf\" data-element_type=\"column\">\n\t\t\t<div class=\"elementor-widget-wrap elementor-element-populated\">\n\t\t\t\t\t\t\t\t<div class=\"elementor-element elementor-element-b581d87 elementor-widget elementor-widget-image\" data-id=\"b581d87\" data-element_type=\"widget\" data-widget_type=\"image.default\">\n\t\t\t\t<div class=\"elementor-widget-container\">\n\t\t\t\t\t\t\t\t\t\t\t\t\t\t\t<img loading=\"lazy\" decoding=\"async\" width=\"800\" height=\"558\" src=\"https:\/\/lecortegedorphee.fr\/wp-content\/uploads\/2024\/09\/20240524_161434-scaled-e1727559560994-1024x714.jpg\" class=\"attachment-large size-large wp-image-557\" alt=\"\" srcset=\"https:\/\/lecortegedorphee.fr\/wp-content\/uploads\/2024\/09\/20240524_161434-scaled-e1727559560994-1024x714.jpg 1024w, https:\/\/lecortegedorphee.fr\/wp-content\/uploads\/2024\/09\/20240524_161434-scaled-e1727559560994-300x209.jpg 300w, https:\/\/lecortegedorphee.fr\/wp-content\/uploads\/2024\/09\/20240524_161434-scaled-e1727559560994-768x535.jpg 768w, https:\/\/lecortegedorphee.fr\/wp-content\/uploads\/2024\/09\/20240524_161434-scaled-e1727559560994-1536x1071.jpg 1536w, https:\/\/lecortegedorphee.fr\/wp-content\/uploads\/2024\/09\/20240524_161434-scaled-e1727559560994.jpg 1902w\" sizes=\"auto, (max-width: 800px) 100vw, 800px\" \/>\t\t\t\t\t\t\t\t\t\t\t\t\t\t\t<\/div>\n\t\t\t\t<\/div>\n\t\t\t\t\t<\/div>\n\t\t<\/div>\n\t\t\t\t\t\t\t<\/div>\n\t\t<\/section>\n\t\t\t\t<section class=\"elementor-section elementor-top-section elementor-element elementor-element-90354f2 elementor-section-boxed elementor-section-height-default elementor-section-height-default\" data-id=\"90354f2\" data-element_type=\"section\">\n\t\t\t\t\t\t<div class=\"elementor-container elementor-column-gap-default\">\n\t\t\t\t\t<div class=\"elementor-column elementor-col-100 elementor-top-column elementor-element elementor-element-d81412e\" data-id=\"d81412e\" data-element_type=\"column\">\n\t\t\t<div class=\"elementor-widget-wrap\">\n\t\t\t\t\t\t\t\t\t<\/div>\n\t\t<\/div>\n\t\t\t\t\t\t\t<\/div>\n\t\t<\/section>\n\t\t\t\t\t\t\t<\/div>\n\t\t","protected":false},"excerpt":{"rendered":"<p>FLEUR D&rsquo;\u00c9COSSE Nous vous convions \u00e0 cette aventure musicale po\u00e9tique et d\u00e9cal\u00e9e, parsem\u00e9e de pages de Sibelius, Schubert, Schumann, Britten, Bennett, mais aussi de tubes de la musique traditionnelle ou pop. Une soir\u00e9e inattendue dans les highlands en compagnie des vers de Walter Scott, Robert Burns ou Shakespeare.&nbsp;Et beaucoup d&rsquo;autres ! Effectif : 4 chanteurs<\/p>\n","protected":false},"author":2,"featured_media":0,"parent":0,"menu_order":0,"comment_status":"closed","ping_status":"closed","template":"","meta":{"footnotes":""},"class_list":["post-555","page","type-page","status-publish","hentry"],"_links":{"self":[{"href":"https:\/\/lecortegedorphee.fr\/index.php\/wp-json\/wp\/v2\/pages\/555","targetHints":{"allow":["GET"]}}],"collection":[{"href":"https:\/\/lecortegedorphee.fr\/index.php\/wp-json\/wp\/v2\/pages"}],"about":[{"href":"https:\/\/lecortegedorphee.fr\/index.php\/wp-json\/wp\/v2\/types\/page"}],"author":[{"embeddable":true,"href":"https:\/\/lecortegedorphee.fr\/index.php\/wp-json\/wp\/v2\/users\/2"}],"replies":[{"embeddable":true,"href":"https:\/\/lecortegedorphee.fr\/index.php\/wp-json\/wp\/v2\/comments?post=555"}],"version-history":[{"count":10,"href":"https:\/\/lecortegedorphee.fr\/index.php\/wp-json\/wp\/v2\/pages\/555\/revisions"}],"predecessor-version":[{"id":1569,"href":"https:\/\/lecortegedorphee.fr\/index.php\/wp-json\/wp\/v2\/pages\/555\/revisions\/1569"}],"wp:attachment":[{"href":"https:\/\/lecortegedorphee.fr\/index.php\/wp-json\/wp\/v2\/media?parent=555"}],"curies":[{"name":"wp","href":"https:\/\/api.w.org\/{rel}","templated":true}]}}