{"id":859,"date":"2024-10-01T08:04:19","date_gmt":"2024-10-01T06:04:19","guid":{"rendered":"https:\/\/lecortegedorphee.fr\/?page_id=859"},"modified":"2024-10-05T23:16:13","modified_gmt":"2024-10-05T21:16:13","slug":"programme-de-noel","status":"publish","type":"page","link":"https:\/\/lecortegedorphee.fr\/index.php\/programme-de-noel\/","title":{"rendered":"Programme de No\u00ebl"},"content":{"rendered":"\t\t<div data-elementor-type=\"wp-page\" data-elementor-id=\"859\" class=\"elementor elementor-859\">\n\t\t\t\t\t\t\t\t\t<section class=\"elementor-section elementor-top-section elementor-element elementor-element-51c7ac5 elementor-section-boxed elementor-section-height-default elementor-section-height-default\" data-id=\"51c7ac5\" data-element_type=\"section\">\n\t\t\t\t\t\t<div class=\"elementor-container elementor-column-gap-default\">\n\t\t\t\t\t<div class=\"elementor-column elementor-col-100 elementor-top-column elementor-element elementor-element-c23afb1\" data-id=\"c23afb1\" data-element_type=\"column\">\n\t\t\t<div class=\"elementor-widget-wrap elementor-element-populated\">\n\t\t\t\t\t\t\t\t<div class=\"elementor-element elementor-element-4bb27c6 elementor-widget elementor-widget-text-editor\" data-id=\"4bb27c6\" data-element_type=\"widget\" data-widget_type=\"text-editor.default\">\n\t\t\t\t<div class=\"elementor-widget-container\">\n\t\t\t<style>\/*! elementor - v3.13.2 - 11-05-2023 *\/\n.elementor-widget-text-editor.elementor-drop-cap-view-stacked .elementor-drop-cap{background-color:#69727d;color:#fff}.elementor-widget-text-editor.elementor-drop-cap-view-framed .elementor-drop-cap{color:#69727d;border:3px solid;background-color:transparent}.elementor-widget-text-editor:not(.elementor-drop-cap-view-default) .elementor-drop-cap{margin-top:8px}.elementor-widget-text-editor:not(.elementor-drop-cap-view-default) .elementor-drop-cap-letter{width:1em;height:1em}.elementor-widget-text-editor .elementor-drop-cap{float:left;text-align:center;line-height:1;font-size:50px}.elementor-widget-text-editor .elementor-drop-cap-letter{display:inline-block}<\/style>\t\t\t\t\t\t\t\t\t\t<\/div>\n\t\t\t\t<\/div>\n\t\t\t\t\t<\/div>\n\t\t<\/div>\n\t\t\t\t\t\t\t<\/div>\n\t\t<\/section>\n\t\t\t\t<section class=\"elementor-section elementor-top-section elementor-element elementor-element-9e19bf6 elementor-section-full_width elementor-section-height-default elementor-section-height-default\" data-id=\"9e19bf6\" data-element_type=\"section\" data-settings=\"{&quot;background_background&quot;:&quot;classic&quot;}\">\n\t\t\t\t\t\t<div class=\"elementor-container elementor-column-gap-default\">\n\t\t\t\t\t<div class=\"elementor-column elementor-col-100 elementor-top-column elementor-element elementor-element-678dfdb\" data-id=\"678dfdb\" data-element_type=\"column\">\n\t\t\t<div class=\"elementor-widget-wrap elementor-element-populated\">\n\t\t\t\t\t\t\t\t<div class=\"elementor-element elementor-element-85e5a2f elementor-widget elementor-widget-spacer\" data-id=\"85e5a2f\" data-element_type=\"widget\" data-widget_type=\"spacer.default\">\n\t\t\t\t<div class=\"elementor-widget-container\">\n\t\t\t<style>\/*! elementor - v3.13.2 - 11-05-2023 *\/\n.elementor-column .elementor-spacer-inner{height:var(--spacer-size)}.e-con{--container-widget-width:100%}.e-con-inner>.elementor-widget-spacer,.e-con>.elementor-widget-spacer{width:var(--container-widget-width,var(--spacer-size));--align-self:var(--container-widget-align-self,initial);--flex-shrink:0}.e-con-inner>.elementor-widget-spacer>.elementor-widget-container,.e-con-inner>.elementor-widget-spacer>.elementor-widget-container>.elementor-spacer,.e-con>.elementor-widget-spacer>.elementor-widget-container,.e-con>.elementor-widget-spacer>.elementor-widget-container>.elementor-spacer{height:100%}.e-con-inner>.elementor-widget-spacer>.elementor-widget-container>.elementor-spacer>.elementor-spacer-inner,.e-con>.elementor-widget-spacer>.elementor-widget-container>.elementor-spacer>.elementor-spacer-inner{height:var(--container-widget-height,var(--spacer-size))}<\/style>\t\t<div class=\"elementor-spacer\">\n\t\t\t<div class=\"elementor-spacer-inner\"><\/div>\n\t\t<\/div>\n\t\t\t\t<\/div>\n\t\t\t\t<\/div>\n\t\t\t\t\t<\/div>\n\t\t<\/div>\n\t\t\t\t\t\t\t<\/div>\n\t\t<\/section>\n\t\t\t\t<section class=\"elementor-section elementor-top-section elementor-element elementor-element-05eb029 elementor-section-boxed elementor-section-height-default elementor-section-height-default\" data-id=\"05eb029\" data-element_type=\"section\">\n\t\t\t\t\t\t<div class=\"elementor-container elementor-column-gap-default\">\n\t\t\t\t\t<div class=\"elementor-column elementor-col-100 elementor-top-column elementor-element elementor-element-3b2903d\" data-id=\"3b2903d\" data-element_type=\"column\">\n\t\t\t<div class=\"elementor-widget-wrap elementor-element-populated\">\n\t\t\t\t\t\t\t\t\t<\/div>\n\t\t<\/div>\n\t\t\t\t\t\t\t<\/div>\n\t\t<\/section>\n\t\t\t\t<section class=\"elementor-section elementor-top-section elementor-element elementor-element-214b0d4 elementor-section-boxed elementor-section-height-default elementor-section-height-default\" data-id=\"214b0d4\" data-element_type=\"section\">\n\t\t\t\t\t\t<div class=\"elementor-container elementor-column-gap-default\">\n\t\t\t\t\t<div class=\"elementor-column elementor-col-100 elementor-top-column elementor-element elementor-element-c9e1675\" data-id=\"c9e1675\" data-element_type=\"column\">\n\t\t\t<div class=\"elementor-widget-wrap elementor-element-populated\">\n\t\t\t\t\t\t\t\t<div class=\"elementor-element elementor-element-ee7c760 elementor-widget elementor-widget-heading\" data-id=\"ee7c760\" data-element_type=\"widget\" data-widget_type=\"heading.default\">\n\t\t\t\t<div class=\"elementor-widget-container\">\n\t\t\t<style>\/*! elementor - v3.13.2 - 11-05-2023 *\/\n.elementor-heading-title{padding:0;margin:0;line-height:1}.elementor-widget-heading .elementor-heading-title[class*=elementor-size-]>a{color:inherit;font-size:inherit;line-height:inherit}.elementor-widget-heading .elementor-heading-title.elementor-size-small{font-size:15px}.elementor-widget-heading .elementor-heading-title.elementor-size-medium{font-size:19px}.elementor-widget-heading .elementor-heading-title.elementor-size-large{font-size:29px}.elementor-widget-heading .elementor-heading-title.elementor-size-xl{font-size:39px}.elementor-widget-heading .elementor-heading-title.elementor-size-xxl{font-size:59px}<\/style><h2 class=\"elementor-heading-title elementor-size-xl\">PROGRAMME DE NO\u00cbL<\/h2>\t\t<\/div>\n\t\t\t\t<\/div>\n\t\t\t\t\t<\/div>\n\t\t<\/div>\n\t\t\t\t\t\t\t<\/div>\n\t\t<\/section>\n\t\t\t\t<section class=\"elementor-section elementor-top-section elementor-element elementor-element-a586f81 elementor-section-boxed elementor-section-height-default elementor-section-height-default\" data-id=\"a586f81\" data-element_type=\"section\">\n\t\t\t\t\t\t<div class=\"elementor-container elementor-column-gap-default\">\n\t\t\t\t\t<div class=\"elementor-column elementor-col-100 elementor-top-column elementor-element elementor-element-4bd9e33\" data-id=\"4bd9e33\" data-element_type=\"column\">\n\t\t\t<div class=\"elementor-widget-wrap elementor-element-populated\">\n\t\t\t\t\t\t\t\t<div class=\"elementor-element elementor-element-a01280e elementor-widget elementor-widget-text-editor\" data-id=\"a01280e\" data-element_type=\"widget\" data-widget_type=\"text-editor.default\">\n\t\t\t\t<div class=\"elementor-widget-container\">\n\t\t\t\t\t\t\t\t\t\t\t\t\t<\/div>\n\t\t\t\t<\/div>\n\t\t\t\t\t<\/div>\n\t\t<\/div>\n\t\t\t\t\t\t\t<\/div>\n\t\t<\/section>\n\t\t\t\t<section class=\"elementor-section elementor-top-section elementor-element elementor-element-b28737b elementor-section-boxed elementor-section-height-default elementor-section-height-default\" data-id=\"b28737b\" data-element_type=\"section\">\n\t\t\t\t\t\t<div class=\"elementor-container elementor-column-gap-default\">\n\t\t\t\t\t<div class=\"elementor-column elementor-col-100 elementor-top-column elementor-element elementor-element-9101a2e\" data-id=\"9101a2e\" data-element_type=\"column\">\n\t\t\t<div class=\"elementor-widget-wrap elementor-element-populated\">\n\t\t\t\t\t\t\t\t<div class=\"elementor-element elementor-element-359a193 elementor-widget elementor-widget-text-editor\" data-id=\"359a193\" data-element_type=\"widget\" data-widget_type=\"text-editor.default\">\n\t\t\t\t<div class=\"elementor-widget-container\">\n\t\t\t\t\t\t\t<p>Pour le public et les fid\u00e8les du XVIIe si\u00e8cle, la Messe de Minuit de Marc-Antoine Charpentier avait une saveur tr\u00e8s particuli\u00e8re. Presque enti\u00e8rement bas\u00e9e sur des<br \/>m\u00e9lodies extr\u00eamement populaires \u00e0 l\u2019\u00e9poque, elle repose sur un \u00ab d\u00e9j\u00e0 entendu \u00bb, un familier totalement \u00e9trangers \u00e0 l\u2019auditeur contemporain. C\u2019est pourquoi le<br \/>Cort\u00e8ge d\u2019Orph\u00e9e y r\u00e9int\u00e8gre les no\u00ebls chant\u00e9s ou dans leur mise en musique instrumentale par le compositeur. Joseph est bien mari\u00e9, Nous voici dans la ville ou encore Une Jeune Pucelle rapportent tour \u00e0 tour la joie, l\u2019attendrissement, l\u2019intimit\u00e9 du temps de la Nativit\u00e9, et peuvent ensuite sonner \u00e0 nos oreilles<br \/>comme autant de citations qui constituent la mati\u00e8re de la messe, enrichie de l\u2019imagination prodigieuse d\u2019un des ma\u00eetres de la musique baroque fran\u00e7aise. La \u00ab facilit\u00e9 \u00bb perceptible de la musique n\u2019a d\u2019\u00e9gal que son raffinement, son innocence. Versailles au coin de la chemin\u00e9e, en quelque sorte.<\/p><p>Notre deuxi\u00e8me programme de No\u00ebl couple cette m\u00eame messe avec les Ceremony of Carols de Britten.<\/p><p>\u00a0<\/p><p>Effectif : 6 chanteurs, 2 fl\u00fbtes \u00e0 bec et basse continue, (harpe).<\/p>\t\t\t\t\t\t<\/div>\n\t\t\t\t<\/div>\n\t\t\t\t\t<\/div>\n\t\t<\/div>\n\t\t\t\t\t\t\t<\/div>\n\t\t<\/section>\n\t\t\t\t<section class=\"elementor-section elementor-top-section elementor-element elementor-element-d3369f8 elementor-section-boxed elementor-section-height-default elementor-section-height-default\" data-id=\"d3369f8\" data-element_type=\"section\">\n\t\t\t\t\t\t<div class=\"elementor-container elementor-column-gap-default\">\n\t\t\t\t\t<div class=\"elementor-column elementor-col-100 elementor-top-column elementor-element elementor-element-8ec3e61\" data-id=\"8ec3e61\" data-element_type=\"column\">\n\t\t\t<div class=\"elementor-widget-wrap\">\n\t\t\t\t\t\t\t\t\t<\/div>\n\t\t<\/div>\n\t\t\t\t\t\t\t<\/div>\n\t\t<\/section>\n\t\t\t\t\t\t\t<\/div>\n\t\t","protected":false},"excerpt":{"rendered":"<p>PROGRAMME DE NO\u00cbL Pour le public et les fid\u00e8les du XVIIe si\u00e8cle, la Messe de Minuit de Marc-Antoine Charpentier avait une saveur tr\u00e8s particuli\u00e8re. Presque enti\u00e8rement bas\u00e9e sur desm\u00e9lodies extr\u00eamement populaires \u00e0 l\u2019\u00e9poque, elle repose sur un \u00ab d\u00e9j\u00e0 entendu \u00bb, un familier totalement \u00e9trangers \u00e0 l\u2019auditeur contemporain. C\u2019est pourquoi leCort\u00e8ge d\u2019Orph\u00e9e y r\u00e9int\u00e8gre les [&hellip;]<\/p>\n","protected":false},"author":2,"featured_media":0,"parent":0,"menu_order":0,"comment_status":"closed","ping_status":"closed","template":"","meta":{"footnotes":""},"class_list":["post-859","page","type-page","status-publish","hentry"],"_links":{"self":[{"href":"https:\/\/lecortegedorphee.fr\/index.php\/wp-json\/wp\/v2\/pages\/859","targetHints":{"allow":["GET"]}}],"collection":[{"href":"https:\/\/lecortegedorphee.fr\/index.php\/wp-json\/wp\/v2\/pages"}],"about":[{"href":"https:\/\/lecortegedorphee.fr\/index.php\/wp-json\/wp\/v2\/types\/page"}],"author":[{"embeddable":true,"href":"https:\/\/lecortegedorphee.fr\/index.php\/wp-json\/wp\/v2\/users\/2"}],"replies":[{"embeddable":true,"href":"https:\/\/lecortegedorphee.fr\/index.php\/wp-json\/wp\/v2\/comments?post=859"}],"version-history":[{"count":11,"href":"https:\/\/lecortegedorphee.fr\/index.php\/wp-json\/wp\/v2\/pages\/859\/revisions"}],"predecessor-version":[{"id":1576,"href":"https:\/\/lecortegedorphee.fr\/index.php\/wp-json\/wp\/v2\/pages\/859\/revisions\/1576"}],"wp:attachment":[{"href":"https:\/\/lecortegedorphee.fr\/index.php\/wp-json\/wp\/v2\/media?parent=859"}],"curies":[{"name":"wp","href":"https:\/\/api.w.org\/{rel}","templated":true}]}}